{"id":233,"date":"2021-01-22T21:01:00","date_gmt":"2021-01-22T21:01:00","guid":{"rendered":"https:\/\/dipthylom.com\/?page_id=233"},"modified":"2021-03-04T12:07:31","modified_gmt":"2021-03-04T12:07:31","slug":"impresion","status":"publish","type":"page","link":"https:\/\/dipthylom.com\/index.php\/impresion\/","title":{"rendered":"Impresi\u00f3n"},"content":{"rendered":"\t\t<div data-elementor-type=\"wp-page\" data-elementor-id=\"233\" class=\"elementor elementor-233\" data-elementor-post-type=\"page\">\n\t\t\t\t\t\t<section class=\"elementor-section elementor-top-section elementor-element elementor-element-5d1cff8 elementor-section-boxed elementor-section-height-default elementor-section-height-default\" data-id=\"5d1cff8\" data-element_type=\"section\" data-e-type=\"section\">\n\t\t\t\t\t\t<div class=\"elementor-container elementor-column-gap-default\">\n\t\t\t\t\t<div class=\"elementor-column elementor-col-100 elementor-top-column elementor-element elementor-element-c90a744\" data-id=\"c90a744\" data-element_type=\"column\" data-e-type=\"column\">\n\t\t\t<div class=\"elementor-widget-wrap elementor-element-populated\">\n\t\t\t\t\t\t<div class=\"elementor-element elementor-element-0317a12 elementor-widget elementor-widget-heading\" data-id=\"0317a12\" data-element_type=\"widget\" data-e-type=\"widget\" data-widget_type=\"heading.default\">\n\t\t\t\t<div class=\"elementor-widget-container\">\n\t\t\t\t\t<h2 class=\"elementor-heading-title elementor-size-medium\">Tenemos todo lo que necesitas tanto si eres una peque\u00f1a empresa como una empresa m\u00e1s grande.<\/h2>\t\t\t\t<\/div>\n\t\t\t\t<\/div>\n\t\t\t\t\t<\/div>\n\t\t<\/div>\n\t\t\t\t\t<\/div>\n\t\t<\/section>\n\t\t\t\t<section class=\"elementor-section elementor-top-section elementor-element elementor-element-c6eca46 elementor-section-boxed elementor-section-height-default elementor-section-height-default\" data-id=\"c6eca46\" data-element_type=\"section\" data-e-type=\"section\">\n\t\t\t\t\t\t<div class=\"elementor-container elementor-column-gap-default\">\n\t\t\t\t\t<div class=\"elementor-column elementor-col-100 elementor-top-column elementor-element elementor-element-8be6390\" data-id=\"8be6390\" data-element_type=\"column\" data-e-type=\"column\">\n\t\t\t<div class=\"elementor-widget-wrap elementor-element-populated\">\n\t\t\t\t\t\t<div class=\"elementor-element elementor-element-7177967 elementor-widget-divider--view-line_icon elementor-view-default elementor-widget-divider--element-align-center elementor-widget elementor-widget-divider\" data-id=\"7177967\" data-element_type=\"widget\" data-e-type=\"widget\" data-widget_type=\"divider.default\">\n\t\t\t\t<div class=\"elementor-widget-container\">\n\t\t\t\t\t\t\t<div class=\"elementor-divider\">\n\t\t\t<span class=\"elementor-divider-separator\">\n\t\t\t\t\t\t\t<div class=\"elementor-icon elementor-divider__element\">\n\t\t\t\t\t<i aria-hidden=\"true\" class=\"fas fa-star\"><\/i><\/div>\n\t\t\t\t\t\t<\/span>\n\t\t<\/div>\n\t\t\t\t\t\t<\/div>\n\t\t\t\t<\/div>\n\t\t\t\t\t<\/div>\n\t\t<\/div>\n\t\t\t\t\t<\/div>\n\t\t<\/section>\n\t\t\t\t<section class=\"elementor-section elementor-top-section elementor-element elementor-element-8120dd9 elementor-section-boxed elementor-section-height-default elementor-section-height-default\" data-id=\"8120dd9\" data-element_type=\"section\" data-e-type=\"section\">\n\t\t\t\t\t\t<div class=\"elementor-container elementor-column-gap-default\">\n\t\t\t\t\t<div class=\"elementor-column elementor-col-100 elementor-top-column elementor-element elementor-element-7dbb189\" data-id=\"7dbb189\" data-element_type=\"column\" data-e-type=\"column\">\n\t\t\t<div class=\"elementor-widget-wrap elementor-element-populated\">\n\t\t\t\t\t\t<div class=\"elementor-element elementor-element-acff08a elementor-widget elementor-widget-text-editor\" data-id=\"acff08a\" data-element_type=\"widget\" data-e-type=\"widget\" data-widget_type=\"text-editor.default\">\n\t\t\t\t<div class=\"elementor-widget-container\">\n\t\t\t\t\t\t\t\t\t<p style=\"text-align: left;\">Pensamos que cada tienda y empresa se merece buena publicidad con unos costes de impresi\u00f3n m\u00ednimos. Por eso te ofrecemos elementos publicitarios profesionales de la manera m\u00e1s simple: X- Banner, Roll Up, Packaging, Cat\u00e1logos, Folletos, Tarjetas, Gran Formato, Letras y logotipos en 3D, Fotos en diferentes soportes, Productos Promocionales, Productos anti-Covid y muchas m\u00e1s opciones que puedes consultarnos.<\/p>\t\t\t\t\t\t\t\t<\/div>\n\t\t\t\t<\/div>\n\t\t\t\t\t<\/div>\n\t\t<\/div>\n\t\t\t\t\t<\/div>\n\t\t<\/section>\n\t\t\t\t<section class=\"elementor-section elementor-top-section elementor-element elementor-element-3392411 elementor-section-boxed elementor-section-height-default elementor-section-height-default\" data-id=\"3392411\" data-element_type=\"section\" data-e-type=\"section\">\n\t\t\t\t\t\t<div class=\"elementor-container elementor-column-gap-default\">\n\t\t\t\t\t<div class=\"elementor-column elementor-col-100 elementor-top-column elementor-element elementor-element-0f93ec2\" data-id=\"0f93ec2\" data-element_type=\"column\" data-e-type=\"column\">\n\t\t\t<div class=\"elementor-widget-wrap elementor-element-populated\">\n\t\t\t\t\t\t<div class=\"elementor-element elementor-element-e9d067a elementor-widget elementor-widget-image\" data-id=\"e9d067a\" data-element_type=\"widget\" data-e-type=\"widget\" data-widget_type=\"image.default\">\n\t\t\t\t<div class=\"elementor-widget-container\">\n\t\t\t\t\t\t\t\t\t\t\t\t\t\t\t\t<a href=\"https:\/\/issuu.com\/_exaprint\/docs\/233907-minicat_logo_de_productos?fr=sOGJjOTE1MDE2MjA\">\n\t\t\t\t\t\t\t<img decoding=\"async\" src=\"https:\/\/dipthylom.com\/wp-content\/uploads\/elementor\/thumbs\/general3-r89ruc03fu6rpyc2791hdesrb46hz5vhvzcrgpgqlc.jpeg\" title=\"Cat\u00e1logo\" alt=\"Cat\u00e1logo\" loading=\"lazy\" \/>\t\t\t\t\t\t\t\t<\/a>\n\t\t\t\t\t\t\t\t\t\t\t\t\t\t\t<\/div>\n\t\t\t\t<\/div>\n\t\t\t\t\t<\/div>\n\t\t<\/div>\n\t\t\t\t\t<\/div>\n\t\t<\/section>\n\t\t\t\t<\/div>\n\t\t","protected":false},"excerpt":{"rendered":"<p>Tenemos todo lo que necesitas tanto si eres una peque\u00f1a empresa como una empresa m\u00e1s grande. Pensamos que cada tienda y empresa se merece buena publicidad con unos costes de impresi\u00f3n m\u00ednimos. Por eso te ofrecemos elementos publicitarios profesionales de la manera m\u00e1s simple: X- Banner, Roll Up, Packaging, Cat\u00e1logos, Folletos, Tarjetas, Gran Formato, Letras y logotipos en 3D, Fotos en diferentes soportes, Productos Promocionales, Productos anti-Covid y muchas m\u00e1s opciones que puedes consultarnos.<\/p>\n","protected":false},"author":2,"featured_media":0,"parent":0,"menu_order":0,"comment_status":"closed","ping_status":"closed","template":"","meta":{"footnotes":""},"class_list":["post-233","page","type-page","status-publish","hentry"],"_links":{"self":[{"href":"https:\/\/dipthylom.com\/index.php\/wp-json\/wp\/v2\/pages\/233","targetHints":{"allow":["GET"]}}],"collection":[{"href":"https:\/\/dipthylom.com\/index.php\/wp-json\/wp\/v2\/pages"}],"about":[{"href":"https:\/\/dipthylom.com\/index.php\/wp-json\/wp\/v2\/types\/page"}],"author":[{"embeddable":true,"href":"https:\/\/dipthylom.com\/index.php\/wp-json\/wp\/v2\/users\/2"}],"replies":[{"embeddable":true,"href":"https:\/\/dipthylom.com\/index.php\/wp-json\/wp\/v2\/comments?post=233"}],"version-history":[{"count":19,"href":"https:\/\/dipthylom.com\/index.php\/wp-json\/wp\/v2\/pages\/233\/revisions"}],"predecessor-version":[{"id":917,"href":"https:\/\/dipthylom.com\/index.php\/wp-json\/wp\/v2\/pages\/233\/revisions\/917"}],"wp:attachment":[{"href":"https:\/\/dipthylom.com\/index.php\/wp-json\/wp\/v2\/media?parent=233"}],"curies":[{"name":"wp","href":"https:\/\/api.w.org\/{rel}","templated":true}]}}