{"id":322,"date":"2021-01-25T17:58:42","date_gmt":"2021-01-25T17:58:42","guid":{"rendered":"https:\/\/dipthylom.com\/?page_id=322"},"modified":"2021-02-01T23:02:44","modified_gmt":"2021-02-01T23:02:44","slug":"contacto-2","status":"publish","type":"page","link":"https:\/\/dipthylom.com\/index.php\/contacto-2\/","title":{"rendered":"Contacto"},"content":{"rendered":"\t\t<div data-elementor-type=\"wp-page\" data-elementor-id=\"322\" class=\"elementor elementor-322\" data-elementor-post-type=\"page\">\n\t\t\t\t\t\t<section class=\"elementor-section elementor-top-section elementor-element elementor-element-1974d74 elementor-section-boxed elementor-section-height-default elementor-section-height-default\" data-id=\"1974d74\" data-element_type=\"section\" data-e-type=\"section\">\n\t\t\t\t\t\t<div class=\"elementor-container elementor-column-gap-default\">\n\t\t\t\t\t<div class=\"elementor-column elementor-col-100 elementor-top-column elementor-element elementor-element-4b882ef7\" data-id=\"4b882ef7\" data-element_type=\"column\" data-e-type=\"column\">\n\t\t\t<div class=\"elementor-widget-wrap elementor-element-populated\">\n\t\t\t\t\t\t<div class=\"elementor-element elementor-element-b3cac2a elementor-invisible elementor-widget elementor-widget-heading\" data-id=\"b3cac2a\" data-element_type=\"widget\" data-e-type=\"widget\" data-settings=\"{&quot;sticky&quot;:&quot;top&quot;,&quot;_animation&quot;:&quot;flash&quot;,&quot;sticky_on&quot;:[&quot;desktop&quot;,&quot;tablet&quot;,&quot;mobile&quot;],&quot;sticky_offset&quot;:0,&quot;sticky_effects_offset&quot;:0}\" data-widget_type=\"heading.default\">\n\t\t\t\t<div class=\"elementor-widget-container\">\n\t\t\t\t\t<h2 class=\"elementor-heading-title elementor-size-default\">\u00bfAlguna duda con una compra?, \u00bftiene alguna pregunta administrativa acerca de su pedido, factura o curso?, \u00bftodav\u00eda no ha recibido su informaci\u00f3n de su pedido?..<\/h2>\t\t\t\t<\/div>\n\t\t\t\t<\/div>\n\t\t\t\t\t<\/div>\n\t\t<\/div>\n\t\t\t\t\t<\/div>\n\t\t<\/section>\n\t\t\t\t<section class=\"elementor-section elementor-top-section elementor-element elementor-element-0707efc elementor-section-boxed elementor-section-height-default elementor-section-height-default\" data-id=\"0707efc\" data-element_type=\"section\" data-e-type=\"section\">\n\t\t\t\t\t\t<div class=\"elementor-container elementor-column-gap-default\">\n\t\t\t\t\t<div class=\"elementor-column elementor-col-100 elementor-top-column elementor-element elementor-element-a2be790\" data-id=\"a2be790\" data-element_type=\"column\" data-e-type=\"column\">\n\t\t\t<div class=\"elementor-widget-wrap elementor-element-populated\">\n\t\t\t\t\t\t<div class=\"elementor-element elementor-element-462165c elementor-widget elementor-widget-text-editor\" data-id=\"462165c\" data-element_type=\"widget\" data-e-type=\"widget\" data-widget_type=\"text-editor.default\">\n\t\t\t\t<div class=\"elementor-widget-container\">\n\t\t\t\t\t\t\t\t\t<p><strong>Tel\u00e9fono:<\/strong><\/p>\n<ul>\n<li>Fijo \/ +34 958499451<\/li>\n<li>M\u00f3vil \/ 667788639<\/li>\n<\/ul>\n<p><strong>Direcci\u00f3n:<\/strong><\/p>\n<ul>\n<li>Urb.PQ Cubillas, Paseo Olivos,11. Albolote (Granada)<\/li>\n<\/ul>\n<p><strong>Email:<\/strong><\/p>\n<ul>\n<li>info@dipthylom.com (recomendado)<\/li>\n<\/ul>\n<p><strong>Horario atenci\u00f3n al cliente\/usuario:<\/strong><\/p>\n<ul>\n<li>de Lunes a Viernes de 10 a 14.00h<\/li>\n<\/ul>\t\t\t\t\t\t\t\t<\/div>\n\t\t\t\t<\/div>\n\t\t\t\t<div class=\"elementor-element elementor-element-176cb79 elementor-widget-divider--view-line_icon elementor-view-default elementor-widget-divider--element-align-center elementor-widget elementor-widget-divider\" data-id=\"176cb79\" data-element_type=\"widget\" data-e-type=\"widget\" data-widget_type=\"divider.default\">\n\t\t\t\t<div class=\"elementor-widget-container\">\n\t\t\t\t\t\t\t<div class=\"elementor-divider\">\n\t\t\t<span class=\"elementor-divider-separator\">\n\t\t\t\t\t\t\t<div class=\"elementor-icon elementor-divider__element\">\n\t\t\t\t\t<i aria-hidden=\"true\" class=\"fas fa-star\"><\/i><\/div>\n\t\t\t\t\t\t<\/span>\n\t\t<\/div>\n\t\t\t\t\t\t<\/div>\n\t\t\t\t<\/div>\n\t\t\t\t\t<\/div>\n\t\t<\/div>\n\t\t\t\t\t<\/div>\n\t\t<\/section>\n\t\t\t\t<\/div>\n\t\t","protected":false},"excerpt":{"rendered":"<p>\u00bfAlguna duda con una compra?, \u00bftiene alguna pregunta administrativa acerca de su pedido, factura o curso?, \u00bftodav\u00eda no ha recibido su informaci\u00f3n de su pedido?.. Tel\u00e9fono: Fijo \/ +34 958499451 M\u00f3vil \/ 667788639 Direcci\u00f3n: Urb.PQ Cubillas, Paseo Olivos,11. Albolote (Granada) Email: info@dipthylom.com (recomendado) Horario atenci\u00f3n al cliente\/usuario: de Lunes a Viernes de 10 a 14.00h<\/p>\n","protected":false},"author":2,"featured_media":0,"parent":0,"menu_order":0,"comment_status":"closed","ping_status":"closed","template":"","meta":{"footnotes":""},"class_list":["post-322","page","type-page","status-publish","hentry"],"_links":{"self":[{"href":"https:\/\/dipthylom.com\/index.php\/wp-json\/wp\/v2\/pages\/322","targetHints":{"allow":["GET"]}}],"collection":[{"href":"https:\/\/dipthylom.com\/index.php\/wp-json\/wp\/v2\/pages"}],"about":[{"href":"https:\/\/dipthylom.com\/index.php\/wp-json\/wp\/v2\/types\/page"}],"author":[{"embeddable":true,"href":"https:\/\/dipthylom.com\/index.php\/wp-json\/wp\/v2\/users\/2"}],"replies":[{"embeddable":true,"href":"https:\/\/dipthylom.com\/index.php\/wp-json\/wp\/v2\/comments?post=322"}],"version-history":[{"count":10,"href":"https:\/\/dipthylom.com\/index.php\/wp-json\/wp\/v2\/pages\/322\/revisions"}],"predecessor-version":[{"id":671,"href":"https:\/\/dipthylom.com\/index.php\/wp-json\/wp\/v2\/pages\/322\/revisions\/671"}],"wp:attachment":[{"href":"https:\/\/dipthylom.com\/index.php\/wp-json\/wp\/v2\/media?parent=322"}],"curies":[{"name":"wp","href":"https:\/\/api.w.org\/{rel}","templated":true}]}}