{"id":516,"date":"2021-02-01T11:12:55","date_gmt":"2021-02-01T11:12:55","guid":{"rendered":"https:\/\/dipthylom.com\/?page_id=516"},"modified":"2021-03-11T12:17:31","modified_gmt":"2021-03-11T12:17:31","slug":"produccion-y-postproduccion","status":"publish","type":"page","link":"https:\/\/dipthylom.com\/index.php\/produccion-y-postproduccion\/","title":{"rendered":"Producci\u00f3n y Postproducci\u00f3n"},"content":{"rendered":"\t\t<div data-elementor-type=\"wp-page\" data-elementor-id=\"516\" class=\"elementor elementor-516\" data-elementor-post-type=\"page\">\n\t\t\t\t\t\t<section class=\"elementor-section elementor-top-section elementor-element elementor-element-c770540 elementor-section-boxed elementor-section-height-default elementor-section-height-default\" data-id=\"c770540\" data-element_type=\"section\" data-e-type=\"section\">\n\t\t\t\t\t\t<div class=\"elementor-container elementor-column-gap-default\">\n\t\t\t\t\t<div class=\"elementor-column elementor-col-100 elementor-top-column elementor-element elementor-element-669331d\" data-id=\"669331d\" data-element_type=\"column\" data-e-type=\"column\">\n\t\t\t<div class=\"elementor-widget-wrap elementor-element-populated\">\n\t\t\t\t\t\t<div class=\"elementor-element elementor-element-85426e4 elementor-widget elementor-widget-heading\" data-id=\"85426e4\" data-element_type=\"widget\" data-e-type=\"widget\" data-widget_type=\"heading.default\">\n\t\t\t\t<div class=\"elementor-widget-container\">\n\t\t\t\t\t<h1 class=\"elementor-heading-title elementor-size-small\">Contamos con amplia experiencia en el sector, con un presente y un futuro adaptado siempre a los nuevos modos de producir y consumir.\n<\/h1>\t\t\t\t<\/div>\n\t\t\t\t<\/div>\n\t\t\t\t\t<\/div>\n\t\t<\/div>\n\t\t\t\t\t<\/div>\n\t\t<\/section>\n\t\t\t\t<section class=\"elementor-section elementor-top-section elementor-element elementor-element-705b1e6 elementor-section-boxed elementor-section-height-default elementor-section-height-default\" data-id=\"705b1e6\" data-element_type=\"section\" data-e-type=\"section\">\n\t\t\t\t\t\t<div class=\"elementor-container elementor-column-gap-default\">\n\t\t\t\t\t<div class=\"elementor-column elementor-col-100 elementor-top-column elementor-element elementor-element-878537f\" data-id=\"878537f\" data-element_type=\"column\" data-e-type=\"column\">\n\t\t\t<div class=\"elementor-widget-wrap elementor-element-populated\">\n\t\t\t\t\t\t<div class=\"elementor-element elementor-element-39daa79 elementor-widget__width-inherit elementor-widget elementor-widget-text-editor\" data-id=\"39daa79\" data-element_type=\"widget\" data-e-type=\"widget\" data-widget_type=\"text-editor.default\">\n\t\t\t\t<div class=\"elementor-widget-container\">\n\t\t\t\t\t\t\t\t\t<ul><li><strong>V\u00eddeo Marketing: <\/strong>Realizamos tu v\u00eddeo, y te ayudamos a posicionarlo en las redes sociales.<\/li><li><strong>Producci\u00f3n y Postproducci\u00f3n: <\/strong>desarrollamos desde el comienzo todos los trabajos propios de la producci\u00f3n y postproducci\u00f3n, desde la grabaci\u00f3n, edici\u00f3n de v\u00eddeo, mezclas de audio, locuciones y m\u00fasica.<\/li><li><strong>Presentaciones Profesionales:<\/strong> Si buscas una presentaci\u00f3n de tu perfil profesional, de tu empresa, de tu proyecto o si eres un emprendedor, el v\u00eddeo es tu mejor baza.<\/li><li><strong>Servicio de Grabaci\u00f3n<\/strong><br \/>Objetivo: Grabamos tus eventos y te preparamos un v\u00eddeo posterior para que quede constancia de tus ponencias,\u00a0 congresos..<\/li><li><strong>Servicio de Streaming<\/strong><br \/>Objetivo: retransmisi\u00f3n en vivo de ponencias, congresos. etc.<\/li><li><strong>Spot TV y Spot Web<br \/><\/strong>Objetivo: Publicita tu empresa en TV o en internet.<\/li><li><strong>V\u00eddeo Interactivo<br \/><\/strong>Objetivo: Refuerza tus campa\u00f1as de e-commerce, realiza tutoriales, o desarrolla estrategias de marketing, permitiendo al cliente interactuar con tu empresa.<\/li><\/ul>\t\t\t\t\t\t\t\t<\/div>\n\t\t\t\t<\/div>\n\t\t\t\t\t<\/div>\n\t\t<\/div>\n\t\t\t\t\t<\/div>\n\t\t<\/section>\n\t\t\t\t<\/div>\n\t\t","protected":false},"excerpt":{"rendered":"<p>Contamos con amplia experiencia en el sector, con un presente y un futuro adaptado siempre a los nuevos modos de producir y consumir. V\u00eddeo Marketing: Realizamos tu v\u00eddeo, y te ayudamos a posicionarlo en las redes sociales. Producci\u00f3n y Postproducci\u00f3n: desarrollamos desde el comienzo todos los trabajos propios de la producci\u00f3n y postproducci\u00f3n, desde la grabaci\u00f3n, edici\u00f3n de v\u00eddeo, mezclas de audio, locuciones y m\u00fasica. Presentaciones Profesionales: Si buscas una presentaci\u00f3n de tu perfil profesional, de tu empresa, de tu proyecto o si eres un emprendedor, el v\u00eddeo es tu mejor baza. Servicio de Grabaci\u00f3nObjetivo: Grabamos tus eventos y te preparamos un v\u00eddeo posterior para que quede constancia de tus ponencias,\u00a0 congresos.. Servicio de StreamingObjetivo: retransmisi\u00f3n en vivo de ponencias, congresos. etc. Spot TV y Spot WebObjetivo: Publicita tu empresa en TV o en internet. V\u00eddeo InteractivoObjetivo: Refuerza tus campa\u00f1as de e-commerce, realiza tutoriales, o desarrolla estrategias de marketing, permitiendo al cliente interactuar con tu empresa.<\/p>\n","protected":false},"author":2,"featured_media":0,"parent":0,"menu_order":0,"comment_status":"closed","ping_status":"closed","template":"","meta":{"footnotes":""},"class_list":["post-516","page","type-page","status-publish","hentry"],"_links":{"self":[{"href":"https:\/\/dipthylom.com\/index.php\/wp-json\/wp\/v2\/pages\/516","targetHints":{"allow":["GET"]}}],"collection":[{"href":"https:\/\/dipthylom.com\/index.php\/wp-json\/wp\/v2\/pages"}],"about":[{"href":"https:\/\/dipthylom.com\/index.php\/wp-json\/wp\/v2\/types\/page"}],"author":[{"embeddable":true,"href":"https:\/\/dipthylom.com\/index.php\/wp-json\/wp\/v2\/users\/2"}],"replies":[{"embeddable":true,"href":"https:\/\/dipthylom.com\/index.php\/wp-json\/wp\/v2\/comments?post=516"}],"version-history":[{"count":10,"href":"https:\/\/dipthylom.com\/index.php\/wp-json\/wp\/v2\/pages\/516\/revisions"}],"predecessor-version":[{"id":943,"href":"https:\/\/dipthylom.com\/index.php\/wp-json\/wp\/v2\/pages\/516\/revisions\/943"}],"wp:attachment":[{"href":"https:\/\/dipthylom.com\/index.php\/wp-json\/wp\/v2\/media?parent=516"}],"curies":[{"name":"wp","href":"https:\/\/api.w.org\/{rel}","templated":true}]}}