{"id":526,"date":"2021-02-01T11:17:27","date_gmt":"2021-02-01T11:17:27","guid":{"rendered":"https:\/\/dipthylom.com\/?page_id=526"},"modified":"2021-02-17T12:45:01","modified_gmt":"2021-02-17T12:45:01","slug":"publicidad","status":"publish","type":"page","link":"https:\/\/dipthylom.com\/index.php\/publicidad\/","title":{"rendered":"Publicidad"},"content":{"rendered":"\t\t<div data-elementor-type=\"wp-page\" data-elementor-id=\"526\" class=\"elementor elementor-526\" data-elementor-post-type=\"page\">\n\t\t\t\t\t\t<section class=\"elementor-section elementor-top-section elementor-element elementor-element-3291960 elementor-section-boxed elementor-section-height-default elementor-section-height-default\" data-id=\"3291960\" data-element_type=\"section\" data-e-type=\"section\">\n\t\t\t\t\t\t<div class=\"elementor-container elementor-column-gap-default\">\n\t\t\t\t\t<div class=\"elementor-column elementor-col-100 elementor-top-column elementor-element elementor-element-c20dfdb\" data-id=\"c20dfdb\" data-element_type=\"column\" data-e-type=\"column\">\n\t\t\t<div class=\"elementor-widget-wrap elementor-element-populated\">\n\t\t\t\t\t\t<div class=\"elementor-element elementor-element-bddb12e elementor-widget elementor-widget-image\" data-id=\"bddb12e\" data-element_type=\"widget\" data-e-type=\"widget\" data-widget_type=\"image.default\">\n\t\t\t\t<div class=\"elementor-widget-container\">\n\t\t\t\t\t\t\t\t\t\t\t\t\t\t\t<img fetchpriority=\"high\" decoding=\"async\" width=\"2560\" height=\"1622\" src=\"https:\/\/dipthylom.com\/wp-content\/uploads\/2021\/02\/person-drawing-symbols-coming-out-light-bulb-top-book-scaled.jpg\" class=\"attachment-full size-full wp-image-867\" alt=\"Creatividad y conocimiento\" srcset=\"https:\/\/dipthylom.com\/wp-content\/uploads\/2021\/02\/person-drawing-symbols-coming-out-light-bulb-top-book-scaled.jpg 2560w, https:\/\/dipthylom.com\/wp-content\/uploads\/2021\/02\/person-drawing-symbols-coming-out-light-bulb-top-book-300x190.jpg 300w, https:\/\/dipthylom.com\/wp-content\/uploads\/2021\/02\/person-drawing-symbols-coming-out-light-bulb-top-book-1024x649.jpg 1024w, https:\/\/dipthylom.com\/wp-content\/uploads\/2021\/02\/person-drawing-symbols-coming-out-light-bulb-top-book-768x487.jpg 768w, https:\/\/dipthylom.com\/wp-content\/uploads\/2021\/02\/person-drawing-symbols-coming-out-light-bulb-top-book-1536x973.jpg 1536w, https:\/\/dipthylom.com\/wp-content\/uploads\/2021\/02\/person-drawing-symbols-coming-out-light-bulb-top-book-2048x1298.jpg 2048w, https:\/\/dipthylom.com\/wp-content\/uploads\/2021\/02\/person-drawing-symbols-coming-out-light-bulb-top-book-1140x723.jpg 1140w\" sizes=\"(max-width: 2560px) 100vw, 2560px\" \/>\t\t\t\t\t\t\t\t\t\t\t\t\t\t\t<\/div>\n\t\t\t\t<\/div>\n\t\t\t\t<div class=\"elementor-element elementor-element-ff9149e elementor-widget elementor-widget-text-editor\" data-id=\"ff9149e\" data-element_type=\"widget\" data-e-type=\"widget\" data-widget_type=\"text-editor.default\">\n\t\t\t\t<div class=\"elementor-widget-container\">\n\t\t\t\t\t\t\t\t\t<h4><b>Creamos experiencias <\/b>partiendo del conocimiento que es la base de todo, adem\u00e1s de nuestra creatividad <strong>dando un extra de&nbsp;valor<\/strong> emocional al consumidor.<\/h4>\n<p><br><\/p><p>Definimos la estrategia, el publico af\u00edn a su marca, eligiendo el medio adecuado, para trasmitir el mensaje adapt\u00e1ndolo a cualquier formato, <strong>para que llegue directo a la experiencia de cada consumidor<\/strong>.&nbsp;<span style=\"color: var( --e-global-color-text ); font-family: var( --e-global-typography-text-font-family ), Sans-serif; font-weight: var( --e-global-typography-text-font-weight ); letter-spacing: 0px;\">Dando a conocer el producto o servicio&nbsp;y consiguiendo&nbsp;que se interesen por \u00e9l.<\/span><\/p>\n<p><em>\u00abLo bueno si es b\u00e1sico, dos veces bueno\u00bb. La dificultad es llegar a lo m\u00e1s sencillo con la m\u00e1xima eficacia.<\/em><\/p>\t\t\t\t\t\t\t\t<\/div>\n\t\t\t\t<\/div>\n\t\t\t\t<div class=\"elementor-element elementor-element-64ff3d0 elementor-widget elementor-widget-heading\" data-id=\"64ff3d0\" data-element_type=\"widget\" data-e-type=\"widget\" data-widget_type=\"heading.default\">\n\t\t\t\t<div class=\"elementor-widget-container\">\n\t\t\t\t\t<h1 class=\"elementor-heading-title elementor-size-medium\">Cu\u00e9ntanos que necesitas y nosotros le ayudaremos.<\/h1>\t\t\t\t<\/div>\n\t\t\t\t<\/div>\n\t\t\t\t<div class=\"elementor-element elementor-element-c5c3e86 elementor-button-align-center elementor-widget__width-initial elementor-widget elementor-widget-form\" data-id=\"c5c3e86\" data-element_type=\"widget\" data-e-type=\"widget\" data-settings=\"{&quot;step_next_label&quot;:&quot;Nuevo&quot;,&quot;step_previous_label&quot;:&quot;Previsualizaci\\u00f3n&quot;,&quot;button_width&quot;:&quot;100&quot;,&quot;step_type&quot;:&quot;number_text&quot;,&quot;step_icon_shape&quot;:&quot;circle&quot;}\" data-widget_type=\"form.default\">\n\t\t\t\t<div class=\"elementor-widget-container\">\n\t\t\t\t\t\t\t<form class=\"elementor-form\" method=\"post\" name=\"Consulta\">\n\t\t\t<input type=\"hidden\" name=\"post_id\" value=\"526\"\/>\n\t\t\t<input type=\"hidden\" name=\"form_id\" value=\"c5c3e86\"\/>\n\t\t\t<input type=\"hidden\" name=\"referer_title\" value=\"Publicidad\" \/>\n\n\t\t\t\t\t\t\t<input type=\"hidden\" name=\"queried_id\" value=\"526\"\/>\n\t\t\t\n\t\t\t<div class=\"elementor-form-fields-wrapper elementor-labels-above\">\n\t\t\t\t\t\t\t\t<div class=\"elementor-field-type-text elementor-field-group elementor-column elementor-field-group-name elementor-col-100\">\n\t\t\t\t\t\t\t\t\t\t\t\t<label for=\"form-field-name\" class=\"elementor-field-label\">\n\t\t\t\t\t\t\t\tNombre\t\t\t\t\t\t\t<\/label>\n\t\t\t\t\t\t\t\t\t\t\t\t\t\t<input size=\"1\" type=\"text\" name=\"form_fields[name]\" id=\"form-field-name\" class=\"elementor-field elementor-size-sm  elementor-field-textual\" placeholder=\"Nombre\">\n\t\t\t\t\t\t\t\t\t\t\t<\/div>\n\t\t\t\t\t\t\t\t<div class=\"elementor-field-type-email elementor-field-group elementor-column elementor-field-group-email elementor-col-100 elementor-field-required\">\n\t\t\t\t\t\t\t\t\t\t\t\t<label for=\"form-field-email\" class=\"elementor-field-label\">\n\t\t\t\t\t\t\t\tEmail\t\t\t\t\t\t\t<\/label>\n\t\t\t\t\t\t\t\t\t\t\t\t\t\t<input size=\"1\" type=\"email\" name=\"form_fields[email]\" id=\"form-field-email\" class=\"elementor-field elementor-size-sm  elementor-field-textual\" placeholder=\"Email\" required=\"required\" aria-required=\"true\">\n\t\t\t\t\t\t\t\t\t\t\t<\/div>\n\t\t\t\t\t\t\t\t<div class=\"elementor-field-type-textarea elementor-field-group elementor-column elementor-field-group-message elementor-col-100\">\n\t\t\t\t\t\t\t\t\t\t\t\t<label for=\"form-field-message\" class=\"elementor-field-label\">\n\t\t\t\t\t\t\t\tMensaje\t\t\t\t\t\t\t<\/label>\n\t\t\t\t\t\t<textarea class=\"elementor-field-textual elementor-field  elementor-size-sm\" name=\"form_fields[message]\" id=\"form-field-message\" rows=\"4\" placeholder=\"Mensaje\"><\/textarea>\t\t\t\t<\/div>\n\t\t\t\t\t\t\t\t<div class=\"elementor-field-group elementor-column elementor-field-type-submit elementor-col-100 e-form__buttons\">\n\t\t\t\t\t<button class=\"elementor-button elementor-size-sm\" type=\"submit\">\n\t\t\t\t\t\t<span class=\"elementor-button-content-wrapper\">\n\t\t\t\t\t\t\t\t\t\t\t\t\t\t\t<span class=\"elementor-button-icon\">\n\t\t\t\t\t\t\t\t\t<i aria-hidden=\"true\" class=\"far fa-envelope\"><\/i>\t\t\t\t\t\t\t\t\t\t\t\t\t\t\t\t\t<\/span>\n\t\t\t\t\t\t\t\t\t\t\t\t\t\t\t\t\t\t\t\t\t\t<span class=\"elementor-button-text\">Env\u00edar consulta<\/span>\n\t\t\t\t\t\t\t\t\t\t\t\t\t<\/span>\n\t\t\t\t\t<\/button>\n\t\t\t\t<\/div>\n\t\t\t<\/div>\n\t\t<\/form>\n\t\t\t\t\t\t<\/div>\n\t\t\t\t<\/div>\n\t\t\t\t\t<\/div>\n\t\t<\/div>\n\t\t\t\t\t<\/div>\n\t\t<\/section>\n\t\t\t\t<section class=\"elementor-section elementor-top-section elementor-element elementor-element-3ce8615 elementor-section-boxed elementor-section-height-default elementor-section-height-default\" data-id=\"3ce8615\" data-element_type=\"section\" data-e-type=\"section\">\n\t\t\t\t\t\t<div class=\"elementor-container elementor-column-gap-default\">\n\t\t\t\t\t<div class=\"elementor-column elementor-col-100 elementor-top-column elementor-element elementor-element-4f5f103\" data-id=\"4f5f103\" data-element_type=\"column\" data-e-type=\"column\">\n\t\t\t<div class=\"elementor-widget-wrap\">\n\t\t\t\t\t\t\t<\/div>\n\t\t<\/div>\n\t\t\t\t\t<\/div>\n\t\t<\/section>\n\t\t\t\t<\/div>\n\t\t","protected":false},"excerpt":{"rendered":"<p>Creamos experiencias partiendo del conocimiento que es la base de todo, adem\u00e1s de nuestra creatividad dando un extra de&nbsp;valor emocional al consumidor. Definimos la estrategia, el publico af\u00edn a su marca, eligiendo el medio adecuado, para trasmitir el mensaje adapt\u00e1ndolo a cualquier formato, para que llegue directo a la experiencia de cada consumidor.&nbsp;Dando a conocer el producto o servicio&nbsp;y consiguiendo&nbsp;que se interesen por \u00e9l. \u00abLo bueno si es b\u00e1sico, dos veces bueno\u00bb. La dificultad es llegar a lo m\u00e1s sencillo con la m\u00e1xima eficacia. Cu\u00e9ntanos que necesitas y nosotros le ayudaremos.<\/p>\n","protected":false},"author":2,"featured_media":0,"parent":0,"menu_order":0,"comment_status":"closed","ping_status":"closed","template":"","meta":{"footnotes":""},"class_list":["post-526","page","type-page","status-publish","hentry"],"_links":{"self":[{"href":"https:\/\/dipthylom.com\/index.php\/wp-json\/wp\/v2\/pages\/526","targetHints":{"allow":["GET"]}}],"collection":[{"href":"https:\/\/dipthylom.com\/index.php\/wp-json\/wp\/v2\/pages"}],"about":[{"href":"https:\/\/dipthylom.com\/index.php\/wp-json\/wp\/v2\/types\/page"}],"author":[{"embeddable":true,"href":"https:\/\/dipthylom.com\/index.php\/wp-json\/wp\/v2\/users\/2"}],"replies":[{"embeddable":true,"href":"https:\/\/dipthylom.com\/index.php\/wp-json\/wp\/v2\/comments?post=526"}],"version-history":[{"count":74,"href":"https:\/\/dipthylom.com\/index.php\/wp-json\/wp\/v2\/pages\/526\/revisions"}],"predecessor-version":[{"id":892,"href":"https:\/\/dipthylom.com\/index.php\/wp-json\/wp\/v2\/pages\/526\/revisions\/892"}],"wp:attachment":[{"href":"https:\/\/dipthylom.com\/index.php\/wp-json\/wp\/v2\/media?parent=526"}],"curies":[{"name":"wp","href":"https:\/\/api.w.org\/{rel}","templated":true}]}}