{"id":676,"date":"2021-02-03T12:58:42","date_gmt":"2021-02-03T12:58:42","guid":{"rendered":"https:\/\/dipthylom.com\/?page_id=676"},"modified":"2021-02-05T12:56:36","modified_gmt":"2021-02-05T12:56:36","slug":"certificado-de-profesionalidad","status":"publish","type":"page","link":"https:\/\/dipthylom.com\/index.php\/certificado-de-profesionalidad\/","title":{"rendered":"Certificados de Profesionalidad"},"content":{"rendered":"\t\t<div data-elementor-type=\"wp-page\" data-elementor-id=\"676\" class=\"elementor elementor-676\" data-elementor-post-type=\"page\">\n\t\t\t\t\t\t<section class=\"elementor-section elementor-top-section elementor-element elementor-element-0dd46b7 elementor-section-boxed elementor-section-height-default elementor-section-height-default\" data-id=\"0dd46b7\" data-element_type=\"section\" data-e-type=\"section\">\n\t\t\t\t\t\t<div class=\"elementor-container elementor-column-gap-default\">\n\t\t\t\t\t<div class=\"elementor-column elementor-col-100 elementor-top-column elementor-element elementor-element-8f0b21a\" data-id=\"8f0b21a\" data-element_type=\"column\" data-e-type=\"column\">\n\t\t\t<div class=\"elementor-widget-wrap elementor-element-populated\">\n\t\t\t\t\t\t<div class=\"elementor-element elementor-element-4b76c4c elementor-widget elementor-widget-image\" data-id=\"4b76c4c\" data-element_type=\"widget\" data-e-type=\"widget\" data-widget_type=\"image.default\">\n\t\t\t\t<div class=\"elementor-widget-container\">\n\t\t\t\t\t\t\t\t\t\t\t\t\t\t\t<img fetchpriority=\"high\" decoding=\"async\" width=\"1920\" height=\"703\" src=\"https:\/\/dipthylom.com\/wp-content\/uploads\/2021\/02\/iamgen-certificado-profesionalidad.gif\" class=\"attachment-full size-full wp-image-687\" alt=\"certificado de profesionalidad\" \/>\t\t\t\t\t\t\t\t\t\t\t\t\t\t\t<\/div>\n\t\t\t\t<\/div>\n\t\t\t\t<div class=\"elementor-element elementor-element-8a84261 elementor-widget elementor-widget-text-editor\" data-id=\"8a84261\" data-element_type=\"widget\" data-e-type=\"widget\" data-widget_type=\"text-editor.default\">\n\t\t\t\t<div class=\"elementor-widget-container\">\n\t\t\t\t\t\t\t\t\t<p>Nuestro centro cuenta con la acreditaci\u00f3n de impartici\u00f3n en diferentes certificados de profesionalidad en modalidad presencial en las familias profesionales siguientes:<\/p><ul><li>Administraci\u00f3n y gesti\u00f3n<\/li><li>Artes gr\u00e1ficas<\/li><li>Comercio y marketing<\/li><li>Electricidad y electr\u00f3nica<\/li><li>Edificaci\u00f3n y obra civil<\/li><li>Formaci\u00f3n complementaria<\/li><li>Fabricaci\u00f3n mec\u00e1nica<\/li><li>Hosteler\u00eda y turismo<\/li><li>Inform\u00e1tica y comunicaciones<\/li><li>Imagen y sonido<\/li><li>Madera, mueble y corcho<\/li><li>Servicios socioculturales y a la comunidad.<\/li><\/ul><p>Actualmente, nuestro centro esta tramitando la homologaci\u00f3n de estos certificados de profesionalidad en la modalidad online.<\/p>\t\t\t\t\t\t\t\t<\/div>\n\t\t\t\t<\/div>\n\t\t\t\t\t<\/div>\n\t\t<\/div>\n\t\t\t\t\t<\/div>\n\t\t<\/section>\n\t\t\t\t<\/div>\n\t\t","protected":false},"excerpt":{"rendered":"<p>Nuestro centro cuenta con la acreditaci\u00f3n de impartici\u00f3n en diferentes certificados de profesionalidad en modalidad presencial en las familias profesionales siguientes: Administraci\u00f3n y gesti\u00f3n Artes gr\u00e1ficas Comercio y marketing Electricidad y electr\u00f3nica Edificaci\u00f3n y obra civil Formaci\u00f3n complementaria Fabricaci\u00f3n mec\u00e1nica Hosteler\u00eda y turismo Inform\u00e1tica y comunicaciones Imagen y sonido Madera, mueble y corcho Servicios socioculturales y a la comunidad. Actualmente, nuestro centro esta tramitando la homologaci\u00f3n de estos certificados de profesionalidad en la modalidad online.<\/p>\n","protected":false},"author":2,"featured_media":0,"parent":0,"menu_order":0,"comment_status":"closed","ping_status":"closed","template":"","meta":{"footnotes":""},"class_list":["post-676","page","type-page","status-publish","hentry"],"_links":{"self":[{"href":"https:\/\/dipthylom.com\/index.php\/wp-json\/wp\/v2\/pages\/676","targetHints":{"allow":["GET"]}}],"collection":[{"href":"https:\/\/dipthylom.com\/index.php\/wp-json\/wp\/v2\/pages"}],"about":[{"href":"https:\/\/dipthylom.com\/index.php\/wp-json\/wp\/v2\/types\/page"}],"author":[{"embeddable":true,"href":"https:\/\/dipthylom.com\/index.php\/wp-json\/wp\/v2\/users\/2"}],"replies":[{"embeddable":true,"href":"https:\/\/dipthylom.com\/index.php\/wp-json\/wp\/v2\/comments?post=676"}],"version-history":[{"count":15,"href":"https:\/\/dipthylom.com\/index.php\/wp-json\/wp\/v2\/pages\/676\/revisions"}],"predecessor-version":[{"id":1040,"href":"https:\/\/dipthylom.com\/index.php\/wp-json\/wp\/v2\/pages\/676\/revisions\/1040"}],"wp:attachment":[{"href":"https:\/\/dipthylom.com\/index.php\/wp-json\/wp\/v2\/media?parent=676"}],"curies":[{"name":"wp","href":"https:\/\/api.w.org\/{rel}","templated":true}]}}